{"id":15,"date":"2014-09-14T21:26:24","date_gmt":"2014-09-14T20:26:24","guid":{"rendered":"http:\/\/www.paramedical-brunard.com\/?page_id=15"},"modified":"2014-10-04T23:47:11","modified_gmt":"2014-10-04T22:47:11","slug":"le-pedicure-podologue","status":"publish","type":"page","link":"https:\/\/www.paramedical-brunard.com\/?page_id=15","title":{"rendered":"le P\u00e9dicure-Podologue"},"content":{"rendered":"<p>Wilfried RENIA, P\u00e9dicure-Podologue dipl\u00f4m\u00e9 d\u2019\u00c9tat, vous re\u00e7oit au cabinet param\u00e9dical Brunard sur rendez-vous du lundi au vendredi de 8h \u00e0 19h30 et occasionnellement le samedi matin.<br \/>\nLes soins de p\u00e9dicurie se font au cabinet ou \u00e0 domicile. Votre praticien peut r\u00e9aliser si n\u00e9cessaire des orthoplasties ou orthonyxies.<br \/>\nIl faut pr\u00e9voir environ 45 min pour un soin ou pour une consultation podologique. Pour des raisons techniques, les consultations de podologie se font uniquement au cabinet. Les semelles sont enti\u00e8rement confectionn\u00e9es sur place et pourront vous \u00eatre remises en moins d\u2019une semaine.<br \/>\nMerci de vous munir de vos radiographies ou imageries compl\u00e9mentaires (pied, genou, bassin, colonne vert\u00e9brale) ainsi que de vos chaussures de ville et de sport pour toute consultation en podologie.<\/p>\n<p>Pour toute question n\u2019h\u00e9sitez pas \u00e0 contacter Wilfried RENIA au 04 82 53 77 78.<\/p>\n","protected":false},"excerpt":{"rendered":"<p class=\"excerpt\">Wilfried RENIA, P\u00e9dicure-Podologue dipl\u00f4m\u00e9 d\u2019\u00c9tat, vous re\u00e7oit au cabinet param\u00e9dical Brunard sur rendez-vous du lundi au vendredi de 8h \u00e0 19h30 et occasionnellement le samedi matin. Les soins de p\u00e9dicurie se font au cabinet ou \u00e0 domicile. Votre praticien peut r\u00e9aliser si n\u00e9cessaire des orthoplasties ou orthonyxies. Il faut pr\u00e9voir environ 45 min pour un soin ou pour une consultation&hellip;<\/p>\n<p class=\"more-link-p\"><a class=\"btn btn-default\" href=\"https:\/\/www.paramedical-brunard.com\/?page_id=15\">Read more<\/a><\/p>\n","protected":false},"author":1,"featured_media":0,"parent":0,"menu_order":3,"comment_status":"open","ping_status":"closed","template":"","meta":{"footnotes":""},"class_list":["post-15","page","type-page","status-publish","hentry"],"_links":{"self":[{"href":"https:\/\/www.paramedical-brunard.com\/index.php?rest_route=\/wp\/v2\/pages\/15","targetHints":{"allow":["GET"]}}],"collection":[{"href":"https:\/\/www.paramedical-brunard.com\/index.php?rest_route=\/wp\/v2\/pages"}],"about":[{"href":"https:\/\/www.paramedical-brunard.com\/index.php?rest_route=\/wp\/v2\/types\/page"}],"author":[{"embeddable":true,"href":"https:\/\/www.paramedical-brunard.com\/index.php?rest_route=\/wp\/v2\/users\/1"}],"replies":[{"embeddable":true,"href":"https:\/\/www.paramedical-brunard.com\/index.php?rest_route=%2Fwp%2Fv2%2Fcomments&post=15"}],"version-history":[{"count":3,"href":"https:\/\/www.paramedical-brunard.com\/index.php?rest_route=\/wp\/v2\/pages\/15\/revisions"}],"predecessor-version":[{"id":95,"href":"https:\/\/www.paramedical-brunard.com\/index.php?rest_route=\/wp\/v2\/pages\/15\/revisions\/95"}],"wp:attachment":[{"href":"https:\/\/www.paramedical-brunard.com\/index.php?rest_route=%2Fwp%2Fv2%2Fmedia&parent=15"}],"curies":[{"name":"wp","href":"https:\/\/api.w.org\/{rel}","templated":true}]}}