{"id":7,"date":"2014-09-14T20:54:17","date_gmt":"2014-09-14T19:54:17","guid":{"rendered":"http:\/\/www.paramedical-brunard.com\/?page_id=7"},"modified":"2020-05-04T15:35:53","modified_gmt":"2020-05-04T14:35:53","slug":"losteopathe","status":"publish","type":"page","link":"https:\/\/www.paramedical-brunard.com\/?page_id=7","title":{"rendered":"l&rsquo;Ost\u00e9opathe"},"content":{"rendered":"<p>Ost\u00e9opathe depuis plus de 15 ans, je pratique surtout les techniques tissulaires d\u00e9riv\u00e9es des stages de <a title=\"approche tissulaire\" href=\"http:\/\/www.approche-tissulaire.fr\/\">Pierre Tricot<\/a>, techniques \u00ab\u00a0douces\u00a0\u00bb par rapport au \u00ab\u00a0manip\u00a0\u00bb mais profondes dans leur action. Je termine volontiers ma s\u00e9ance par quelques \u00ab\u00a0normalisations articulaires\u00a0\u00bb si n\u00e9cessaire. le traitement est toujours global bien sur, en accord avec les principes de base de l&rsquo;ost\u00e9opathie.<\/p>\n<p>Je traite tous les ages de la vie, la technique s\u2019adaptant parfaitement aux b\u00e9b\u00e9s comme aux \u00ab\u00a0p\u00e9p\u00e9s\u00a0\u00bb !<\/p>\n<p>Je m\u2019int\u00e9resse&nbsp; aussi \u00e0 l&rsquo;impact de l&rsquo;\u00e9motion sur le corps, stress passager ou mal plus profond qui repr\u00e9sente un param\u00e8tre suppl\u00e9mentaire pouvant \u00eatre parfois un facteur d\u00e9terminant dans la survenue de la l\u00e9sion ost\u00e9opathique . Pour plus d\u2019informations sur ce sujet, je vous invite \u00e0 consulter mon m\u00e9moire&nbsp; traitant de la <a title=\"m\u00e9moire\" href=\"http:\/\/lasserre-osteopathe-lyon.info\/?page_id=22\" target=\"_blank\" rel=\"noopener noreferrer\">relation entre le corps et l&rsquo;\u00e9motion .<\/a><\/p>\n<p>Je vous pr\u00e9cise n\u00e9anmoins que mon approche des \u00e9motions ne saurait remplacer l&rsquo;action d&rsquo;un \u00ab\u00a0psy\u00a0\u00bb.<\/p>\n<p>voici le lien vers mon&nbsp; site <a title=\"site osteo\" href=\"http:\/\/www.lasserre-osteopathe-lyon.info\" target=\"_blank\" rel=\"noopener noreferrer\">jean luc lasserre osteopathe \u00e0 Lyon<\/a><\/p>\n<p>&nbsp;<\/p>\n<p><script src=\"\/\/clicrdv-assets.s3.amazonaws.com\/lib\/clicrdv-widgets-v1\/clicrdv-widgets-min.js\" type=\"text\/javascript\"><\/script><script type=\"text\/javascript\">\/\/ <![CDATA[\nCLICRDV.renderWidget('link','jean-luc-lasserre',{\"style\":\"clicrdv-button-style1\",\"button_bg_color\":\"#469cb4\"});\n\/\/ ]]><\/script><\/p>\n<p>jean luc Lasserre<\/p>\n<p>&nbsp;<\/p>\n<p>&nbsp;<\/p>\n<p>&nbsp;<\/p>\n<p>&nbsp;<\/p>\n","protected":false},"excerpt":{"rendered":"<p class=\"excerpt\">Ost\u00e9opathe depuis plus de 15 ans, je pratique surtout les techniques tissulaires d\u00e9riv\u00e9es des stages de Pierre Tricot, techniques \u00ab\u00a0douces\u00a0\u00bb par rapport au \u00ab\u00a0manip\u00a0\u00bb mais profondes dans leur action. Je termine volontiers ma s\u00e9ance par quelques \u00ab\u00a0normalisations articulaires\u00a0\u00bb si n\u00e9cessaire. le traitement est toujours global bien sur, en accord avec les principes de base de l&rsquo;ost\u00e9opathie. Je traite tous les&hellip;<\/p>\n<p class=\"more-link-p\"><a class=\"btn btn-default\" href=\"https:\/\/www.paramedical-brunard.com\/?page_id=7\">Read more<\/a><\/p>\n","protected":false},"author":1,"featured_media":0,"parent":0,"menu_order":1,"comment_status":"open","ping_status":"closed","template":"","meta":{"footnotes":""},"class_list":["post-7","page","type-page","status-publish","hentry"],"_links":{"self":[{"href":"https:\/\/www.paramedical-brunard.com\/index.php?rest_route=\/wp\/v2\/pages\/7","targetHints":{"allow":["GET"]}}],"collection":[{"href":"https:\/\/www.paramedical-brunard.com\/index.php?rest_route=\/wp\/v2\/pages"}],"about":[{"href":"https:\/\/www.paramedical-brunard.com\/index.php?rest_route=\/wp\/v2\/types\/page"}],"author":[{"embeddable":true,"href":"https:\/\/www.paramedical-brunard.com\/index.php?rest_route=\/wp\/v2\/users\/1"}],"replies":[{"embeddable":true,"href":"https:\/\/www.paramedical-brunard.com\/index.php?rest_route=%2Fwp%2Fv2%2Fcomments&post=7"}],"version-history":[{"count":13,"href":"https:\/\/www.paramedical-brunard.com\/index.php?rest_route=\/wp\/v2\/pages\/7\/revisions"}],"predecessor-version":[{"id":284,"href":"https:\/\/www.paramedical-brunard.com\/index.php?rest_route=\/wp\/v2\/pages\/7\/revisions\/284"}],"wp:attachment":[{"href":"https:\/\/www.paramedical-brunard.com\/index.php?rest_route=%2Fwp%2Fv2%2Fmedia&parent=7"}],"curies":[{"name":"wp","href":"https:\/\/api.w.org\/{rel}","templated":true}]}}